{"id":234,"date":"2016-01-13T15:45:02","date_gmt":"2016-01-13T14:45:02","guid":{"rendered":"http:\/\/sodermarkskonsult.se\/?page_id=234"},"modified":"2016-01-27T11:02:50","modified_gmt":"2016-01-27T10:02:50","slug":"oversattare-1","status":"publish","type":"page","link":"http:\/\/sodermarkskonsult.se\/?page_id=234","title":{"rendered":"\u00d6vers\u00e4ttare"},"content":{"rendered":"<p><strong><span style=\"color: #000000\">Maria S\u00f6dermark<\/span><\/strong><\/p>\n<p>Jag har en examen i spr\u00e5k och \u00f6vers\u00e4ttning fr\u00e5n Stockholms Universitet och \u00f6vers\u00e4tter fr\u00e5n spanska och engelska till svenska. Fr\u00e4mst arbetar jag med sk\u00f6nlitteratur samt facklitter\u00e4ra texter inom omr\u00e5dena kultur, utbildning och turism d\u00e5 jag har erfarenhet av dessa \u00e4mnen sedan tidigare. Mycket av mina spr\u00e5kkunskaper har byggts upp p\u00e5 plats, i m\u00f6ten med m\u00e4nniskor, genom att bl.a. under flera \u00e5r ha bott i Spanien. Som \u00f6vers\u00e4ttare l\u00e4gger jag vikt vid stilistik, kvalitet och anpassningsf\u00f6rm\u00e5ga &#8211; att se till kundens och projektets specifika behov.<\/p>\n<p>Ut\u00f6ver \u00f6vers\u00e4ttning kan jag \u00e4ven erbjuda spr\u00e5kgranskning och korrekturl\u00e4sning av texter p\u00e5 svenska.<\/p>\n<p>Kontakta mig g\u00e4rna direkt f\u00f6r mer information.<\/p>\n<p>E-post: maria@sodermarkskonsult.se<br \/>\nMobil: +46 70 525 13 48<br \/>\nWeb: http:\/\/sodermarkskonsult.se<\/p>\n<p>&nbsp;<\/p>\n<p><span style=\"color: #333333\"><a style=\"color: #333333\" href=\"http:\/\/sodermarkskonsult.se\/\">Tillbaka till startsidan<\/a><\/span><\/p>\n","protected":false},"excerpt":{"rendered":"<p>Maria S\u00f6dermark Jag har en examen i spr\u00e5k och \u00f6vers\u00e4ttning fr\u00e5n Stockholms Universitet och \u00f6vers\u00e4tter fr\u00e5n spanska och engelska till svenska. Fr\u00e4mst arbetar jag med sk\u00f6nlitteratur samt facklitter\u00e4ra texter inom omr\u00e5dena kultur, utbildning och turism d\u00e5 jag har erfarenhet av dessa \u00e4mnen sedan tidigare. Mycket av mina spr\u00e5kkunskaper har byggts upp p\u00e5 plats, i m\u00f6ten [&hellip;]<\/p>\n","protected":false},"author":8447,"featured_media":0,"parent":0,"menu_order":0,"comment_status":"closed","ping_status":"open","template":"","meta":{"footnotes":""},"_links":{"self":[{"href":"http:\/\/sodermarkskonsult.se\/index.php?rest_route=\/wp\/v2\/pages\/234"}],"collection":[{"href":"http:\/\/sodermarkskonsult.se\/index.php?rest_route=\/wp\/v2\/pages"}],"about":[{"href":"http:\/\/sodermarkskonsult.se\/index.php?rest_route=\/wp\/v2\/types\/page"}],"author":[{"embeddable":true,"href":"http:\/\/sodermarkskonsult.se\/index.php?rest_route=\/wp\/v2\/users\/8447"}],"replies":[{"embeddable":true,"href":"http:\/\/sodermarkskonsult.se\/index.php?rest_route=%2Fwp%2Fv2%2Fcomments&post=234"}],"version-history":[{"count":6,"href":"http:\/\/sodermarkskonsult.se\/index.php?rest_route=\/wp\/v2\/pages\/234\/revisions"}],"predecessor-version":[{"id":263,"href":"http:\/\/sodermarkskonsult.se\/index.php?rest_route=\/wp\/v2\/pages\/234\/revisions\/263"}],"wp:attachment":[{"href":"http:\/\/sodermarkskonsult.se\/index.php?rest_route=%2Fwp%2Fv2%2Fmedia&parent=234"}],"curies":[{"name":"wp","href":"https:\/\/api.w.org\/{rel}","templated":true}]}}