{"id":3,"date":"2016-01-03T15:19:35","date_gmt":"2016-01-03T14:19:35","guid":{"rendered":"http:\/\/default.wp.internet.se\/?page_id=2"},"modified":"2017-01-12T16:50:32","modified_gmt":"2017-01-12T15:50:32","slug":"startsida","status":"publish","type":"page","link":"http:\/\/sodermarkskonsult.se\/","title":{"rendered":""},"content":{"rendered":"<p><span style=\"color: #000000\">V\u00e4lkommen till\u00a0v\u00e5rt\u00a0familjef\u00f6retag som\u00a0erbjuder\u00a0olika typer av kompetenser och erfarenheter som\u00a0kan st\u00f6dja din l\u00f6pande aff\u00e4rsverksamhet.\u00a0Utf\u00f6rligare beskrivningar av v\u00e5ra tj\u00e4nster\u00a0hittar du om du klickar p\u00e5\u00a0respektive\u00a0l\u00e4nk och\u00a0d\u00e4r finner du ocks\u00e5 kontaktinformation om du vill veta mera om v\u00e5ra\u00a0tj\u00e4nster och referenser.<\/span><\/p>\n<p><span style=\"color: #000000\"><strong><span style=\"color: #333333\"><a style=\"color: #333333\" title=\"Styrelseledamot\" href=\"http:\/\/sodermarkskonsult.se\/?page_id=99\">Styrelseledamot<\/a><\/span>\u00a0<\/strong>med\u00a0erfarenheter och kompetens som kan\u00a0\u00f6ka\u00a0styrelsens IT-kunskap i\u00a0mindre och medelstora f\u00f6retag.<\/span><\/p>\n<p><span style=\"color: #000000\"><span style=\"color: #333333\"><a style=\"color: #333333\" title=\"R\u00e5dgivare\" href=\"http:\/\/sodermarkskonsult.se\/?page_id=6\"> <strong>R\u00e5dgivare <\/strong><\/a><\/span>med erfarenheter och kompetens som kan\u00a0f\u00f6rb\u00e4ttra\u00a0IT-styrningen och\u00a0samverkan med aff\u00e4rsutvecklingen eller\u00a0st\u00f6dja IT-chefens\u00a0arbete med att utveckla IT-organisationen.<\/span><\/p>\n<p><span style=\"color: #000000\"><span style=\"color: #333333\"><a style=\"color: #333333\" title=\"Florist \u2013 1\" href=\"http:\/\/sodermarkskonsult.se\/?page_id=243\"> <strong>Florist<\/strong><\/a><\/span> med erfarenheter\u00a0och kompetens som tillf\u00e4lligt kan st\u00f6dja butiksf\u00f6rs\u00e4ljningen i samband med ledigheter eller h\u00f6g belastning.<\/span><\/p>\n<p><span style=\"color: #000000\"><span style=\"color: #333333\"><a style=\"color: #333333\" title=\"\u00d6vers\u00e4ttare\" href=\"http:\/\/sodermarkskonsult.se\/?page_id=234\"> <strong>\u00d6vers\u00e4ttare<\/strong><\/a><\/span> med\u00a0erfarenheter fr\u00e5n\u00a0olika omr\u00e5den och kompetens p\u00e5\u00a0flera\u00a0spr\u00e5k.<\/span><\/p>\n","protected":false},"excerpt":{"rendered":"<p>V\u00e4lkommen till\u00a0v\u00e5rt\u00a0familjef\u00f6retag som\u00a0erbjuder\u00a0olika typer av kompetenser och erfarenheter som\u00a0kan st\u00f6dja din l\u00f6pande aff\u00e4rsverksamhet.\u00a0Utf\u00f6rligare beskrivningar av v\u00e5ra tj\u00e4nster\u00a0hittar du om du klickar p\u00e5\u00a0respektive\u00a0l\u00e4nk och\u00a0d\u00e4r finner du ocks\u00e5 kontaktinformation om du vill veta mera om v\u00e5ra\u00a0tj\u00e4nster och referenser. Styrelseledamot\u00a0med\u00a0erfarenheter och kompetens som kan\u00a0\u00f6ka\u00a0styrelsens IT-kunskap i\u00a0mindre och medelstora f\u00f6retag. R\u00e5dgivare med erfarenheter och kompetens som kan\u00a0f\u00f6rb\u00e4ttra\u00a0IT-styrningen och\u00a0samverkan med [&hellip;]<\/p>\n","protected":false},"author":8447,"featured_media":90,"parent":0,"menu_order":0,"comment_status":"closed","ping_status":"closed","template":"page-templates\/front-page.php","meta":{"footnotes":""},"_links":{"self":[{"href":"http:\/\/sodermarkskonsult.se\/index.php?rest_route=\/wp\/v2\/pages\/3"}],"collection":[{"href":"http:\/\/sodermarkskonsult.se\/index.php?rest_route=\/wp\/v2\/pages"}],"about":[{"href":"http:\/\/sodermarkskonsult.se\/index.php?rest_route=\/wp\/v2\/types\/page"}],"author":[{"embeddable":true,"href":"http:\/\/sodermarkskonsult.se\/index.php?rest_route=\/wp\/v2\/users\/8447"}],"replies":[{"embeddable":true,"href":"http:\/\/sodermarkskonsult.se\/index.php?rest_route=%2Fwp%2Fv2%2Fcomments&post=3"}],"version-history":[{"count":56,"href":"http:\/\/sodermarkskonsult.se\/index.php?rest_route=\/wp\/v2\/pages\/3\/revisions"}],"predecessor-version":[{"id":269,"href":"http:\/\/sodermarkskonsult.se\/index.php?rest_route=\/wp\/v2\/pages\/3\/revisions\/269"}],"wp:featuredmedia":[{"embeddable":true,"href":"http:\/\/sodermarkskonsult.se\/index.php?rest_route=\/wp\/v2\/media\/90"}],"wp:attachment":[{"href":"http:\/\/sodermarkskonsult.se\/index.php?rest_route=%2Fwp%2Fv2%2Fmedia&parent=3"}],"curies":[{"name":"wp","href":"https:\/\/api.w.org\/{rel}","templated":true}]}}