{"id":4,"date":"2018-10-30T10:32:43","date_gmt":"2018-10-30T09:32:43","guid":{"rendered":"http:\/\/default.wp.internet.se\/"},"modified":"2018-10-30T16:49:25","modified_gmt":"2018-10-30T15:49:25","slug":"fakta-om-foretaget","status":"publish","type":"page","link":"http:\/\/sodermarkskonsult.se\/?page_id=4","title":{"rendered":"Fakta om f\u00f6retaget"},"content":{"rendered":"<p>Bolaget ska bedriva styrelseuppdrag och konsultativt st\u00f6d till f\u00f6retagsledningar avseende IT-styrning och samverkan mellan IT och aff\u00e4rsutveckling, psykologisk handledning och utbildning, uppdrag inom floristbranschen, scenkonstn\u00e4rliga uppdrag och \u00f6vers\u00e4ttningsuppdrag.<\/p>\n<p>S\u00f6dermarks Konsult &amp; Kompetens AB<br \/>\nVerandastigen 1<br \/>\n144 52 R\u00f6nninge<\/p>\n<p>E-post: ake.sodermark@sodermarkskonsult.se<br \/>\nMobil:\u00a0+46 70 525 13 47<br \/>\nWeb: http:\/\/sodermarkskonsult.se<\/p>\n<p>Organisationsnummer: 556991-8419<br \/>\nMomsnummer: SE556991841901<br \/>\nS\u00e4te: Salem Kommun<br \/>\nGodk\u00e4nd f\u00f6r F-skatt<\/p>\n<p>Bankgiro: 614-3697<br \/>\nBic: ESSESESS<br \/>\nIban: SE5950000000052311096419<\/p>\n<p>&nbsp;<\/p>\n<p><span style=\"color: #333333\"><a style=\"color: #333333\" href=\"http:\/\/sodermarkskonsult.se\/\">Tillbaka till startsidan<\/a><\/span><\/p>\n<p>&nbsp;<\/p>\n<p>&nbsp;<\/p>\n<p>&nbsp;<\/p>\n<p>&nbsp;<\/p>\n<p>&nbsp;<\/p>\n","protected":false},"excerpt":{"rendered":"<p>Bolaget ska bedriva styrelseuppdrag och konsultativt st\u00f6d till f\u00f6retagsledningar avseende IT-styrning och samverkan mellan IT och aff\u00e4rsutveckling, psykologisk handledning och utbildning, uppdrag inom floristbranschen, scenkonstn\u00e4rliga uppdrag och \u00f6vers\u00e4ttningsuppdrag. S\u00f6dermarks Konsult &amp; Kompetens AB Verandastigen 1 144 52 R\u00f6nninge E-post: ake.sodermark@sodermarkskonsult.se Mobil:\u00a0+46 70 525 13 47 Web: http:\/\/sodermarkskonsult.se Organisationsnummer: 556991-8419 Momsnummer: SE556991841901 S\u00e4te: Salem Kommun Godk\u00e4nd [&hellip;]<\/p>\n","protected":false},"author":8447,"featured_media":0,"parent":0,"menu_order":3,"comment_status":"closed","ping_status":"closed","template":"","meta":{"footnotes":""},"_links":{"self":[{"href":"http:\/\/sodermarkskonsult.se\/index.php?rest_route=\/wp\/v2\/pages\/4"}],"collection":[{"href":"http:\/\/sodermarkskonsult.se\/index.php?rest_route=\/wp\/v2\/pages"}],"about":[{"href":"http:\/\/sodermarkskonsult.se\/index.php?rest_route=\/wp\/v2\/types\/page"}],"author":[{"embeddable":true,"href":"http:\/\/sodermarkskonsult.se\/index.php?rest_route=\/wp\/v2\/users\/8447"}],"replies":[{"embeddable":true,"href":"http:\/\/sodermarkskonsult.se\/index.php?rest_route=%2Fwp%2Fv2%2Fcomments&post=4"}],"version-history":[{"count":20,"href":"http:\/\/sodermarkskonsult.se\/index.php?rest_route=\/wp\/v2\/pages\/4\/revisions"}],"predecessor-version":[{"id":270,"href":"http:\/\/sodermarkskonsult.se\/index.php?rest_route=\/wp\/v2\/pages\/4\/revisions\/270"}],"wp:attachment":[{"href":"http:\/\/sodermarkskonsult.se\/index.php?rest_route=%2Fwp%2Fv2%2Fmedia&parent=4"}],"curies":[{"name":"wp","href":"https:\/\/api.w.org\/{rel}","templated":true}]}}