{"id":99,"date":"2016-01-03T17:17:39","date_gmt":"2016-01-03T16:17:39","guid":{"rendered":"http:\/\/sodermarkskonsult.se\/?page_id=99"},"modified":"2016-01-27T10:59:25","modified_gmt":"2016-01-27T09:59:25","slug":"styrelseledamot","status":"publish","type":"page","link":"http:\/\/sodermarkskonsult.se\/?page_id=99","title":{"rendered":"Styrelseledamot"},"content":{"rendered":"<p><a href=\"http:\/\/sodermarkskonsult.se\/files\/Ake_Sodermark_high-resolution-e1452001045686.jpg\"><img decoding=\"async\" loading=\"lazy\" class=\"alignnone size-medium wp-image-142\" src=\"http:\/\/sodermarkskonsult.se\/files\/Ake_Sodermark_high-resolution-e1452001045686-300x249.jpg\" alt=\"Ake_Sodermark_high resolution\" width=\"300\" height=\"249\" srcset=\"http:\/\/sodermarkskonsult.se\/files\/Ake_Sodermark_high-resolution-e1452001045686-300x249.jpg 300w, http:\/\/sodermarkskonsult.se\/files\/Ake_Sodermark_high-resolution-e1452001045686-624x517.jpg 624w, http:\/\/sodermarkskonsult.se\/files\/Ake_Sodermark_high-resolution-e1452001045686.jpg 671w\" sizes=\"(max-width: 300px) 100vw, 300px\" \/><\/a><\/p>\n<h4>\u00c5ke S\u00f6dermark<\/h4>\n<p>Jag \u00e4r medlem i Styrelseakademien och Certifierad Styrelseledamot och har i den egenskapen f\u00f6rst\u00e5tt att behovet av att \u00f6ka IT-f\u00f6rst\u00e5elsen\u00a0inom styrelsen \u00e4r stort i m\u00e5nga\u00a0mindre och medelstora f\u00f6retag som ocks\u00e5\u00a0m\u00e5ste lyckas med\u00a0digitaliseringen av verksamheten.<\/p>\n<p>Jag har l\u00e5ng erfarenhet fr\u00e5n IT-sektorn som utvecklingschef, produktionschef och\u00a0konsultchef. Senast\u00a0som CIO och medlem i koncernledningen i ett av de st\u00f6rsta f\u00f6retagen p\u00e5 b\u00f6rsen, en roll som ocks\u00e5\u00a0inneb\u00e4r\u00a0regelbundna kontakter med styrelsen.<\/p>\n<p>Jag har f\u00f6rutom rollen som styrelseordf\u00f6rande i v\u00e5rt eget f\u00f6retag under m\u00e5nga \u00e5r varit styrelseledamot i olika ekonomiska eller ideella f\u00f6reningar.<\/p>\n<p>Kontakta\u00a0mig g\u00e4rna\u00a0direkt om du vill veta mera om\u00a0vad\u00a0jag kan erbjuda.<\/p>\n<p>E-post: ake.sodermark@sodermarkskonsult.se<br \/>\nMobil: +46 70 525 13 47<br \/>\nWeb: http:\/\/sodermarkskonsult.se<\/p>\n<p>&nbsp;<\/p>\n<p><span style=\"color: #333333\"><a style=\"color: #333333\" href=\"http:\/\/sodermarkskonsult.se\/\">Tillbaka till startsidan<\/a><\/span><\/p>\n","protected":false},"excerpt":{"rendered":"<p>\u00c5ke S\u00f6dermark Jag \u00e4r medlem i Styrelseakademien och Certifierad Styrelseledamot och har i den egenskapen f\u00f6rst\u00e5tt att behovet av att \u00f6ka IT-f\u00f6rst\u00e5elsen\u00a0inom styrelsen \u00e4r stort i m\u00e5nga\u00a0mindre och medelstora f\u00f6retag som ocks\u00e5\u00a0m\u00e5ste lyckas med\u00a0digitaliseringen av verksamheten. Jag har l\u00e5ng erfarenhet fr\u00e5n IT-sektorn som utvecklingschef, produktionschef och\u00a0konsultchef. Senast\u00a0som CIO och medlem i koncernledningen i ett av [&hellip;]<\/p>\n","protected":false},"author":8447,"featured_media":0,"parent":0,"menu_order":0,"comment_status":"closed","ping_status":"closed","template":"","meta":{"footnotes":""},"_links":{"self":[{"href":"http:\/\/sodermarkskonsult.se\/index.php?rest_route=\/wp\/v2\/pages\/99"}],"collection":[{"href":"http:\/\/sodermarkskonsult.se\/index.php?rest_route=\/wp\/v2\/pages"}],"about":[{"href":"http:\/\/sodermarkskonsult.se\/index.php?rest_route=\/wp\/v2\/types\/page"}],"author":[{"embeddable":true,"href":"http:\/\/sodermarkskonsult.se\/index.php?rest_route=\/wp\/v2\/users\/8447"}],"replies":[{"embeddable":true,"href":"http:\/\/sodermarkskonsult.se\/index.php?rest_route=%2Fwp%2Fv2%2Fcomments&post=99"}],"version-history":[{"count":18,"href":"http:\/\/sodermarkskonsult.se\/index.php?rest_route=\/wp\/v2\/pages\/99\/revisions"}],"predecessor-version":[{"id":259,"href":"http:\/\/sodermarkskonsult.se\/index.php?rest_route=\/wp\/v2\/pages\/99\/revisions\/259"}],"wp:attachment":[{"href":"http:\/\/sodermarkskonsult.se\/index.php?rest_route=%2Fwp%2Fv2%2Fmedia&parent=99"}],"curies":[{"name":"wp","href":"https:\/\/api.w.org\/{rel}","templated":true}]}}